{"id":137,"date":"2022-02-17T13:09:48","date_gmt":"2022-02-17T12:09:48","guid":{"rendered":"https:\/produktkatalog\/proxll.no\/?page_id=137"},"modified":"2026-03-02T15:27:24","modified_gmt":"2026-03-02T14:27:24","slug":"nyheter","status":"publish","type":"page","link":"https:\/\/proxll.no\/en\/nyheter\/","title":{"rendered":"News"},"content":{"rendered":"<div class=\"vce-row-container\"><div class=\"vce-row vce-row--col-gap-30 vce-row-equal-height vce-row-content--top\" data-vce-full-width=\"true\" id=\"el-c82d86c2\" data-vce-do-apply=\"all el-c82d86c2\"><div class=\"vce-content-background-container\"><\/div><div class=\"vce-row-content\" data-vce-element-content=\"true\"><div class=\"vce-col vce-col--md-auto vce-col--xs-1 vce-col--xs-last vce-col--xs-first vce-col--sm-last vce-col--sm-first vce-col--md-last vce-col--lg-last vce-col--xl-last vce-col--md-first vce-col--lg-first vce-col--xl-first\" id=\"el-25c8efd6\"><div class=\"vce-col-inner\" data-vce-do-apply=\"border margin background  el-25c8efd6\"><div class=\"vce-col-content\" data-vce-element-content=\"true\" data-vce-do-apply=\"padding el-25c8efd6\"><div class=\"vce-text-block l-breadcrumbs\"><div class=\"vce-text-block-wrapper vce\" id=\"el-8142fabb\" data-vce-do-apply=\"all el-8142fabb\"><p style=\"text-align: right;\"><nav aria-label=\"breadcrumbs\" class=\"rank-math-breadcrumb\"><p><span class=\"last\">Home<\/span><\/p><\/nav><\/p><\/div><\/div><\/div><\/div><\/div><\/div><\/div><\/div><div class=\"vce-row-container\" data-vce-boxed-width=\"true\"><div class=\"vce-row vce-row--col-gap-30 padded-section vce-row-equal-height vce-row-content--top\" id=\"el-095b5f54\" data-vce-do-apply=\"all el-095b5f54\"><div class=\"vce-content-background-container\"><\/div><div class=\"vce-row-content\" data-vce-element-content=\"true\"><div class=\"vce-col vce-col--md-auto vce-col--xs-1 vce-col--xs-last vce-col--xs-first vce-col--sm-last vce-col--sm-first vce-col--md-last vce-col--lg-last vce-col--xl-last vce-col--md-first vce-col--lg-first vce-col--xl-first\" id=\"el-916d2b71\"><div class=\"vce-col-inner\" data-vce-do-apply=\"border margin background  el-916d2b71\"><div class=\"vce-col-content\" data-vce-element-content=\"true\" data-vce-do-apply=\"padding el-916d2b71\"><div class=\"vce-text-block\"><div class=\"vce-text-block-wrapper vce\" id=\"el-8c96a21f\" data-vce-do-apply=\"all el-8c96a21f\"><h1 style=\"text-align: left;\">News<\/h1>\n<\/div><\/div><\/div><\/div><\/div><\/div><\/div><\/div><div class=\"vce-row-container\" data-vce-boxed-width=\"true\"><div class=\"vce-row vce-row--col-gap-30 padded-section-big-bottom vce-row-equal-height vce-row-content--top\" id=\"el-2d1f1ece\" data-vce-do-apply=\"all el-2d1f1ece\"><div class=\"vce-content-background-container\"><\/div><div class=\"vce-row-content\" data-vce-element-content=\"true\"><div class=\"vce-col vce-col--md-auto vce-col--xs-1 vce-col--xs-last vce-col--xs-first vce-col--sm-last vce-col--sm-first vce-col--md-last vce-col--lg-last vce-col--xl-last vce-col--md-first vce-col--lg-first vce-col--xl-first\" id=\"el-522ac6bd\"><div class=\"vce-col-inner\" data-vce-do-apply=\"border margin background  el-522ac6bd\"><div class=\"vce-col-content\" data-vce-element-content=\"true\" data-vce-do-apply=\"padding el-522ac6bd\"><div class=\"vce-posts-grid-container vce-post-list bp-posts\"><div class=\"vce vce-posts-grid-wrapper vce-posts-grid--gap-30 vce-posts-grid--columns-2 vce-posts-grid-pagination--color-b-46-58-79--b-85-85-85\" id=\"el-f8a8848d\" data-vce-do-apply=\"all el-f8a8848d\"><\/div><\/div><\/div><\/div><\/div><\/div><\/div><\/div><div class=\"vce-row-container\" data-vce-boxed-width=\"true\"><div class=\"vce-row vce-row--col-gap-30 padded-section-big-bottom vce-row-equal-height vce-row-content--top\" id=\"el-837177fc\" data-vce-do-apply=\"all el-837177fc\"><div class=\"vce-content-background-container\"><\/div><div class=\"vce-row-content\" data-vce-element-content=\"true\"><div class=\"vce-col vce-col--md-auto vce-col--xs-1 vce-col--xs-last vce-col--xs-first vce-col--sm-last vce-col--sm-first vce-col--md-last vce-col--lg-last vce-col--xl-last vce-col--md-first vce-col--lg-first vce-col--xl-first\" id=\"el-524d09d7\"><div class=\"vce-col-inner\" data-vce-do-apply=\"border margin background  el-524d09d7\"><div class=\"vce-col-content\" data-vce-element-content=\"true\" data-vce-do-apply=\"padding el-524d09d7\"><div class=\"vce-posts-grid-container vce-post-list bp-posts\"><div class=\"vce vce-posts-grid-wrapper vce-posts-grid--gap-30 vce-posts-grid--columns-3 vce-posts-grid-pagination--color-b-46-58-79--b-85-85-85\" id=\"el-6c203202\" data-vce-do-apply=\"all el-6c203202\"><style>\n  .vce-post-grid-filter-wrapper {\n    --size: 17px 20px;\n    --container-border-radius: 5px;\n    --item-border-radius: 5px;\n    --alignment: center;\n    --gap: 20px;\n    --border-color: #dcdcdc;\n    --separator-color: #dcdcdc;\n    --font-color: #515162;\n    --font-active-color: #fff;\n    --background-color: #fdfdfd;\n    --background-active-color: #4c3ab3;\n    display: flex;\n    flex-wrap: wrap;\n    justify-content: var(--alignment);\n  }\n\n  .vce-post-grid-filter-wrapper .vce-post-grid-filter-dropdown {\n    width: 100%;\n    -webkit-appearance: none;\n    border: 2px solid rgba(125,125,125, .5);\n    padding: 8px 33px 8px 15px;\n    color: #515162;\n    background: url(\"data:image\/svg+xml;base64,PHN2ZyB4bWxucz0iaHR0cDovL3d3dy53My5vcmcvMjAwMC9zdmciIHdpZHRoPSIyOTIuNCIgaGVpZ2h0PSIyOTIuNCI+PHBhdGggZmlsbD0iIzdkN2Q3ZCIgZD0iTTI4NyA2OS40YTE3LjYgMTcuNiAwIDAgMC0xMy01LjRIMTguNGMtNSAwLTkuMyAxLjgtMTIuOSA1LjRBMTcuNiAxNy42IDAgMCAwIDAgODIuMmMwIDUgMS44IDkuMyA1LjQgMTIuOWwxMjggMTI3LjljMy42IDMuNiA3LjggNS40IDEyLjggNS40czkuMi0xLjggMTIuOC01LjRMMjg3IDk1YzMuNS0zLjUgNS40LTcuOCA1LjQtMTIuOCAwLTUtMS45LTkuMi01LjUtMTIuOHoiLz48L3N2Zz4K\") no-repeat right 15px center;\n    background-size: 9px;\n  }\n\n  .vce-post-grid-filter-wrapper[data-vce-state=\"items\"] .vce-post-grid-filter-dropdown {\n    visibility: hidden;\n    height: 0;\n    position: absolute;\n  }\n\n  .vce-post-grid-filter-wrapper[data-vce-state=\"items\"] .vce-post-grid-filter-container {\n    visibility: visible;\n    height: initial;\n  }\n\n  .vce-post-grid-filter-wrapper[data-vce-state=\"dropdown\"] .vce-post-grid-filter-container {\n    visibility: hidden;\n    height: 0;\n  }\n\n  .vce-post-grid-filter-wrapper[data-vce-state=\"dropdown\"] .vce-post-grid-filter-dropdown {\n    visibility: visible;\n    height: initial;\n    position: initial;\n  }\n\n  .vce-post-grid-filter-container {\n    display: flex;\n    flex-wrap: wrap;\n    justify-content: var(--alignment);\n    margin-bottom: var(--gap);\n  }\n\n  .vce-post-grid-filter-control {\n    position: relative;\n    padding: var(--size);\n    border: none;\n    border-radius: var(--item-border-radius);\n    background: none;\n    color: var(--font-color);\n    font-size: 15px;\n    line-height: 1;\n    cursor: pointer;\n    transition: background-color .2s ease-in-out,\n    color .2s ease-in-out,\n    border .2s ease-in-out,\n    z-index .2s ease-in-out;\n  }\n\n  .vce-post-grid-filter-control:active,\n  .vce-post-grid-filter-control:focus {\n    color: var(--font-color);\n    text-decoration: none;\n  }\n\n  .vce-post-grid-filter-control--active.vce-post-grid-filter-control,\n  .vce-post-grid-filter-control--active.vce-post-grid-filter-control:focus,\n  .vce-post-grid-filter-control--active.vce-post-grid-filter-control:active,\n  .vce-post-grid-filter-control:hover {\n    color: var(--font-active-color);\n    text-decoration: none;\n  }\n\n  .vce-post-grid-filter-control::before,\n  .vce-post-grid-filter-control::after {\n    content: '';\n    position: absolute;\n    top: -1px;\n    width: 1px;\n    height: calc(100% + 2px);\n    z-index: 1;\n    background-color: transparent;\n    transition: background-color .2s ease-in-out;\n  }\n\n  .vce-post-grid-filter-control::before {\n    right: 100%;\n    z-index: 2;\n  }\n\n  .vce-post-grid-filter-control::after {\n    left: 100%;\n  }\n\n  .vce-post-grid-filter-container:not(.vce-post-grid-filter--shape-none) .vce-post-grid-filter-control {\n    background-color: var(--background-color);\n    border: 1px solid var(--border-color);\n    border-right: none;\n    border-radius: 0;\n  }\n\n  .vce-post-grid-filter-container:not(.vce-post-grid-filter--shape-none) .vce-post-grid-filter-control:last-of-type {\n    border-right: 1px solid var(--border-color);\n  }\n\n  .vce-post-grid-filter-container .vce-post-grid-filter-control--active.vce-post-grid-filter-control,\n  .vce-post-grid-filter-container .vce-post-grid-filter-control.vce-post-grid-filter-control:hover {\n    background-color: var(--background-active-color) !important;\n    border-color: var(--background-active-color) !important;\n  }\n\n  .vce-post-grid-filter-container:not(.vce-post-grid-filter--shape-none) .vce-post-grid-filter-control:not(:last-of-type)::after {\n    background-color: var(--separator-color);\n  }\n\n  .vce-post-grid-filter-container:not(.vce-post-grid-filter--shape-none) .vce-post-grid-filter-control--active.vce-post-grid-filter-control:not(:last-of-type)::after,\n  .vce-post-grid-filter-container:not(.vce-post-grid-filter--shape-none) .vce-post-grid-filter-control:hover:not(:last-of-type)::after,\n  .vce-post-grid-filter-container:not(.vce-post-grid-filter--shape-none) .vce-post-grid-filter-control--active.vce-post-grid-filter-control:not(:first-of-type)::before,\n  .vce-post-grid-filter-container:not(.vce-post-grid-filter--shape-none) .vce-post-grid-filter-control:hover:not(:first-of-type)::before {\n    background-color: var(--background-active-color);\n  }\n\n  .vce-post-grid-filter-container:not(.vce-post-grid-filter--shape-none) .vce-post-grid-filter-control:first-of-type {\n    border-top-left-radius: var(--container-border-radius);\n    border-bottom-left-radius: var(--container-border-radius);\n  }\n\n  .vce-post-grid-filter-container:not(.vce-post-grid-filter--shape-none) .vce-post-grid-filter-control:last-of-type {\n    border-top-right-radius: var(--container-border-radius);\n    border-bottom-right-radius: var(--container-border-radius);\n  }\n\n  .vce-post-grid-filter-helper {\n    scroll-margin-top: 100px;\n  }\n<\/style>\n<div id=\"grid-6c203202\" class=\"vce-post-grid-filter-helper\"><\/div>\n<div class=\"vce-post-grid-filter-wrapper\" id=\"el-6c203202-filter\" data-vce-collapsible=\"false\" style=\"        --size: 17px 20px;        --container-border-radius: nonepx;        --item-border-radius: 5px;        --alignment: flex-start;        --gap: 30px;        --border-color: #DCDCDC;        --separator-color: #DCDCDC;        --font-color: rgb(46, 58, 79);        --font-active-color: rgb(221, 255, 178);        --background-color: #FDFDFD;        --background-active-color: rgb(46, 58, 79);\" >\n        <div class=\"vce-post-grid-filter-container vce-post-grid-filter--shape-none\">\n        <a href=\"\/en\/wp-json\/wp\/v2\/pages\/137?vcv-filter-6c203202=28#grid-6c203202\"  class=\"vce-post-grid-filter-control  vce-post-grid-filter-control--active\">News<\/a>    <\/div>\n<\/div>\n<div class=\"vce-posts-grid-list\"><div class=\"vce-posts-grid-item\"><article class=\"vce-post-list-item vce-post-list-item--image-left\"><div class=\"vce-post-list-image\" style=\"background-image:url(https:\/\/proxll.no\/wp-content\/uploads\/EQON-samarbeid.jpg)\"><a href=\"https:\/\/proxll.no\/en\/eqon-proxll-samarbeid\/\" aria-label=\"EQON og Proxll inng\u00e5r samarbeid\"><\/a><\/div><div class=\"vce-post-list-content\"><p class=\"vce-post-list-meta\"><time datetime=\"2026-03-03 22:31:10\">03.03.2026<\/time> \u00b7 Nyheter<\/p><h2 class=\"vce-post-list-title\"><a href=\"https:\/\/proxll.no\/en\/eqon-proxll-samarbeid\/\">EQON og Proxll inng\u00e5r samarbeid<\/a><\/h2><div class=\"vce-post-description--excerpt\"><p>EQON og Proxll inng\u00e5r samarbeid for \u00e5 kombinere 100 \u00e5rs ingeni\u00f8rarv med neste generasjons teknologi for industriell oppvarming<\/p>\n<\/div>\n<p class=\"vce-post-list-author\">Emrah<\/p><p class=\"vce-post-list-tags\">EQON, Samarbeid<\/p><\/div><\/article><\/div><div class=\"vce-posts-grid-item\"><article class=\"vce-post-list-item vce-post-list-item--image-left\"><div class=\"vce-post-list-image\" style=\"background-image:url(https:\/\/proxll.no\/wp-content\/uploads\/bilde2-1.jpg)\"><a href=\"https:\/\/proxll.no\/en\/fornybar-norge-konferanse-ptk-2026\/\" aria-label=\"PTK 2026\"><\/a><\/div><div class=\"vce-post-list-content\"><p class=\"vce-post-list-meta\"><time datetime=\"2026-02-17 10:51:33\">17.02.2026<\/time> \u00b7 Nyheter<\/p><h2 class=\"vce-post-list-title\"><a href=\"https:\/\/proxll.no\/en\/fornybar-norge-konferanse-ptk-2026\/\">PTK 2026<\/a><\/h2><div class=\"vce-post-description--excerpt\"><p>Proxll AS deltar p\u00e5 \u00e5rets PTK 2026 \/ Fornybar Norge-konferanse \u2013 en viktig m\u00f8teplass for akt\u00f8rer innen vannkraft og fornybar energi.<\/p>\n<\/div>\n<p class=\"vce-post-list-author\">Emrah<\/p><p class=\"vce-post-list-tags\">PTK<\/p><\/div><\/article><\/div><div class=\"vce-posts-grid-item\"><article class=\"vce-post-list-item vce-post-list-item--image-left\"><div class=\"vce-post-list-image\" style=\"background-image:url(https:\/\/proxll.no\/wp-content\/uploads\/Mask-group-8.png)\"><a href=\"https:\/\/proxll.no\/en\/rp-group-overtarelskap-i-norge\/\" aria-label=\"RP-Group overtar n\u00f8dlysdivisjonen til Proxll AS og etablerer eget datterselskap i Norge\"><\/a><\/div><div class=\"vce-post-list-content\"><p class=\"vce-post-list-meta\"><time datetime=\"2024-03-01 09:55:09\">01.03.2024<\/time> \u00b7 Nyheter<\/p><h2 class=\"vce-post-list-title\"><a href=\"https:\/\/proxll.no\/en\/rp-group-overtarelskap-i-norge\/\">RP-Group overtar n\u00f8dlysdivisjonen til Proxll AS og etablerer eget datterselskap i Norge<\/a><\/h2><div class=\"vce-post-description--excerpt\"><p>Vi har gleden av \u00e5 informere v\u00e5re kunder om overf\u00f8ringen av n\u00f8dlysvirksomheten fra Proxll AS til RP-Technik Norge AS, med virkning fra 1. mars 2024.<\/p>\n<\/div>\n<p class=\"vce-post-list-author\">proxll<\/p><p class=\"vce-post-list-tags\">n\u00f8dlysdivisjonen, RP-Group<\/p><\/div><\/article><\/div><div class=\"vce-posts-grid-item\"><article class=\"vce-post-list-item vce-post-list-item--image-left\"><div class=\"vce-post-list-image\" style=\"background-image:url(https:\/\/proxll.no\/wp-content\/uploads\/Mask-group-7.png)\"><a href=\"https:\/\/proxll.no\/en\/artikkel-om-proxll-i-bransje-magasinet\/\" aria-label=\"Artikkel om Proxll i Bransje magasinet\"><\/a><\/div><div class=\"vce-post-list-content\"><p class=\"vce-post-list-meta\"><time datetime=\"2024-01-12 09:38:38\">12.01.2024<\/time> \u00b7 Nyheter<\/p><h2 class=\"vce-post-list-title\"><a href=\"https:\/\/proxll.no\/en\/artikkel-om-proxll-i-bransje-magasinet\/\">Artikkel om Proxll i Bransje magasinet<\/a><\/h2><div class=\"vce-post-description--excerpt\"><p>Proxll har utviklet et nyskapende produkt til samferdsel og jernbane som l\u00f8ser tidligere utfordringer innen sikkerhet, kostnad og klima \u2013 p\u00e5 en smart og effektiv m\u00e5te.<\/p>\n<\/div>\n<p class=\"vce-post-list-author\">proxll<\/p><p class=\"vce-post-list-tags\">Artikkel<\/p><\/div><\/article><\/div><div class=\"vce-posts-grid-item\"><article class=\"vce-post-list-item vce-post-list-item--image-left\"><div class=\"vce-post-list-image\" style=\"background-image:url(https:\/\/proxll.no\/wp-content\/uploads\/Mask-group-6.png)\"><a href=\"https:\/\/proxll.no\/en\/en-handfast-romningsvei\/\" aria-label=\"En h\u00e5ndfast r\u00f8mningsvei\"><\/a><\/div><div class=\"vce-post-list-content\"><p class=\"vce-post-list-meta\"><time datetime=\"2022-07-17 08:25:15\">17.07.2022<\/time> \u00b7 Nyheter<\/p><h2 class=\"vce-post-list-title\"><a href=\"https:\/\/proxll.no\/en\/en-handfast-romningsvei\/\">En h\u00e5ndfast r\u00f8mningsvei<\/a><\/h2><div class=\"vce-post-description--excerpt\"><p>Veier 24 har skrevet en sak om v\u00e5r nye h\u00e5ndl\u00f8per med integrerte spor for lyslister<\/p>\n<\/div>\n<p class=\"vce-post-list-author\">proxll<\/p><p class=\"vce-post-list-tags\">r\u00f8mningsvei<\/p><\/div><\/article><\/div><\/div><div class=\"vce-posts-grid-pagination\">\n    <\/div>\n<\/div><\/div><\/div><\/div><\/div><\/div><\/div><\/div>","protected":false},"excerpt":{"rendered":"<p>News<\/p>","protected":false},"author":1,"featured_media":0,"parent":0,"menu_order":10,"comment_status":"closed","ping_status":"closed","template":"","meta":{"footnotes":""},"class_list":["post-137","page","type-page","status-publish","hentry"],"_links":{"self":[{"href":"https:\/\/proxll.no\/en\/wp-json\/wp\/v2\/pages\/137","targetHints":{"allow":["GET"]}}],"collection":[{"href":"https:\/\/proxll.no\/en\/wp-json\/wp\/v2\/pages"}],"about":[{"href":"https:\/\/proxll.no\/en\/wp-json\/wp\/v2\/types\/page"}],"author":[{"embeddable":true,"href":"https:\/\/proxll.no\/en\/wp-json\/wp\/v2\/users\/1"}],"replies":[{"embeddable":true,"href":"https:\/\/proxll.no\/en\/wp-json\/wp\/v2\/comments?post=137"}],"version-history":[{"count":0,"href":"https:\/\/proxll.no\/en\/wp-json\/wp\/v2\/pages\/137\/revisions"}],"wp:attachment":[{"href":"https:\/\/proxll.no\/en\/wp-json\/wp\/v2\/media?parent=137"}],"curies":[{"name":"wp","href":"https:\/\/api.w.org\/{rel}","templated":true}]}}