{"id":1549,"date":"2025-03-17T10:21:29","date_gmt":"2025-03-17T09:21:29","guid":{"rendered":"https:\/prosjekter\/proxll.no\/?page_id=1549"},"modified":"2026-02-26T19:43:34","modified_gmt":"2026-02-26T18:43:34","slug":"tjenester","status":"publish","type":"page","link":"https:\/\/proxll.no\/en\/tjenester\/","title":{"rendered":"Services"},"content":{"rendered":"<div class=\"vce-row-container\"><div class=\"vce-row vce-row--col-gap-30 vce-row-equal-height vce-row-content--top\" data-vce-full-width=\"true\" id=\"el-a0bc65bc\" data-vce-do-apply=\"all el-a0bc65bc\"><div class=\"vce-content-background-container\"><\/div><div class=\"vce-row-content\" data-vce-element-content=\"true\"><div class=\"vce-col vce-col--md-auto vce-col--xs-1 vce-col--xs-last vce-col--xs-first vce-col--sm-last vce-col--sm-first vce-col--md-last vce-col--lg-last vce-col--xl-last vce-col--md-first vce-col--lg-first vce-col--xl-first\" id=\"el-5c49a8f6\"><div class=\"vce-col-inner\" data-vce-do-apply=\"border margin background  el-5c49a8f6\"><div class=\"vce-col-content\" data-vce-element-content=\"true\" data-vce-do-apply=\"padding el-5c49a8f6\"><div class=\"vce-text-block l-breadcrumbs\"><div class=\"vce-text-block-wrapper vce\" id=\"el-e450c2a3\" data-vce-do-apply=\"all el-e450c2a3\"><p style=\"text-align: right;\"><nav aria-label=\"breadcrumbs\" class=\"rank-math-breadcrumb\"><p><span class=\"last\">Home<\/span><\/p><\/nav><\/p><\/div><\/div><\/div><\/div><\/div><\/div><\/div><\/div><div class=\"vce-row-container\" data-vce-boxed-width=\"true\"><div class=\"vce-row vce-row--col-gap-0 padded-section-big vce-row-full-height vce-row-equal-height vce-row-columns--top vce-row-content--top\" id=\"el-21621931\" data-vce-do-apply=\"all el-21621931\"><div class=\"vce-row-content\" data-vce-element-content=\"true\"><div class=\"vce-col vce-col--xs-100p vce-col--xs-visible vce-col--xs-last vce-col--xs-first vce-col--sm-100p vce-col--sm-visible vce-col--sm-last vce-col--sm-first vce-col--md-100p vce-col--md-visible vce-col--md-last vce-col--md-first vce-col--lg-60p vce-col--lg-visible vce-col--lg-first vce-col--xl-50p vce-col--xl-visible vce-col--xl-first\" id=\"el-73996759\"><div class=\"vce-col-inner\" data-vce-do-apply=\"border margin background  el-73996759\"><div class=\"vce-col-content\" data-vce-element-content=\"true\" data-vce-do-apply=\"padding el-73996759\"><div class=\"vce-text-block page-intro-top\"><div class=\"vce-text-block-wrapper vce\" id=\"el-dd6ebc56\" data-vce-do-apply=\"all el-dd6ebc56\"><h1><span data-teams=\"true\">Services<\/span><\/h1>\r\n<p>Proxll is a technical systems supplier within industry and transportation. Our goal is to be the leading center of expertise within our business areas.<\/p>\r\n<\/div><\/div><div class=\"vce-row-container\" data-vce-boxed-width=\"true\"><div class=\"vce-row vce-row--xl--has-col-background vce-row--lg--has-col-background vce-row--md--has-col-background vce-row--sm--has-col-background vce-row--xs--has-col-background vce-row--col-gap-30 vce-row-equal-height vce-row-content--top\" id=\"el-66e9daf2\" data-vce-do-apply=\"all el-66e9daf2\"><div class=\"vce-row-content\" data-vce-element-content=\"true\"><div class=\"vce-col vce-element--xl--has-background vce-element--lg--has-background vce-element--md--has-background vce-element--sm--has-background vce-element--xs--has-background vce-col--md-auto vce-col--xs-1 vce-col--xs-last vce-col--xs-first vce-col--sm-last vce-col--sm-first vce-col--md-last vce-col--lg-last vce-col--xl-last vce-col--md-first vce-col--lg-first vce-col--xl-first\" id=\"el-10689b46\"><div class=\"vce-col-inner\" data-vce-do-apply=\"border margin background  el-10689b46\"><div class=\"vce-content-background-container\"><\/div><div class=\"vce-col-content\" data-vce-element-content=\"true\" data-vce-do-apply=\"padding el-10689b46\"><div class=\"vce-raw-html\"><div class=\"vce-raw-html-wrapper\" id=\"el-d8db7085\" data-vce-do-apply=\"all el-d8db7085\"><div class=\"container\">\r\n    <a href=\"https:\/\/proxll.no\/en\/tjenester\/bane-sporvekselvarme\/\">\r\n        <svg class=\"icon2\" width=\"52\" height=\"53\" viewbox=\"0 0 52 53\" fill=\"none\" xmlns=\"http:\/\/www.w3.org\/2000\/svg\">\r\n            <rect x=\"0.724365\" y=\"0.744141\" width=\"52\" height=\"52\" rx=\"4\" fill=\"#2E3A4F\"><\/rect>\r\n            <g clip-path=\"url(#clip0_125_41)\">\r\n                <path d=\"M22.9922 14.7441V20.9941C22.9922 23.2151 23.7121 25.3803 25.0458 27.1549L26.1172 28.5834C27.5681 30.5142 28.3494 32.8636 28.3494 35.2799V39.7441H27.4565V35.2799C27.4565 33.0589 26.7366 30.8937 25.4029 29.1191L24.3315 27.6906C22.8806 25.7598 22.0994 23.4104 22.0994 20.9941V14.7441H22.9922ZM13.6172 18.3156V21.7698C13.6172 23.7955 14.2199 25.7765 15.3416 27.4674L17.0994 30.1069C18.3215 31.9316 18.9744 34.0857 18.9744 36.2899V39.7441H18.0815V36.2899C18.0815 34.2642 17.4788 32.2832 16.3572 30.5924L14.5994 27.9584C13.3773 26.1281 12.7244 23.9741 12.7244 21.7698V18.3156H13.6172ZM32.3672 18.762V21.7698C32.3672 23.7955 32.9699 25.7765 34.0916 27.4674L35.8494 30.1069C37.0715 31.9316 37.7244 34.0857 37.7244 36.2899V39.7441H36.8315V36.2899C36.8315 34.2642 36.2288 32.2832 35.1072 30.5924L33.3494 27.9528C32.1273 26.1281 31.4744 23.9741 31.4744 21.7698V18.3156H32.3672V18.762Z\" fill=\"#CFFF91\"><\/path>\r\n            <\/g>\r\n            <defs>\r\n                <clippath id=\"clip0_125_41\">\r\n                    <rect width=\"25\" height=\"25\" fill=\"white\" transform=\"translate(12.7244 14.7441)\"><\/rect>\r\n                <\/clippath>\r\n            <\/defs>\r\n        <\/svg>\r\n        <h2 class=\"text\">Railway - Switch point heating<\/h2>\r\n    <\/a>\r\n<\/div>\r\n<\/div><\/div><div class=\"vce-raw-html\"><div class=\"vce-raw-html-wrapper\" id=\"el-577959bb\" data-vce-do-apply=\"all el-577959bb\"><div class=\"container\">\r\n\t<a href=\"https:\/\/proxll.no\/en\/tjenester\/bane-sikkerhetstjenester\/\">\r\n\t<svg class=\"icon2\" width=\"52\" height=\"52\" viewbox=\"0 0 52 52\" fill=\"none\" xmlns=\"http:\/\/www.w3.org\/2000\/svg\">\r\n<rect x=\"0.724365\" y=\"0.57666\" width=\"51\" height=\"51\" rx=\"4\" fill=\"#2E3A4F\"><\/rect>\r\n<g clip-path=\"url(#clip0_125_43)\">\r\n<path d=\"M32.1312 14.5767H31.299L32.3479 17.8624H21.1009L22.1497 14.5767H21.3175L20.2687 17.8624H17.6638V18.6838H20.0077L18.166 24.4338H15.6941V25.2552H17.905L16.0683 31.0052H13.7244V31.8267H15.8024L13.9657 37.5767H14.7979L16.6346 31.8267H36.8141L38.6509 37.5767H39.4831L37.6463 31.8267H39.7244V31.0052H37.3804L35.5437 25.2552H37.7547V24.4338H35.2827L33.441 18.6838H35.785V17.8624H33.18L32.1312 14.5767ZM32.6138 18.6838L34.4505 24.4338H18.9982L20.835 18.6838H32.6138ZM34.7164 25.2552L36.5532 31.0052H16.8956L18.7323 25.2552H34.7164Z\" fill=\"#CFFF91\"><\/path>\r\n<\/g>\r\n<defs>\r\n<clippath id=\"clip0_125_43\">\r\n<rect width=\"26\" height=\"23\" fill=\"white\" transform=\"translate(13.7244 14.5767)\"><\/rect>\r\n<\/clippath>\r\n<\/defs>\r\n<\/svg>\r\n\t\t\r\n\t\t\r\n\t\t\r\n\r\n\r\n\r\n    <h2 class=\"text\">Railway - Security services<\/h2>\r\n\t\t    <\/a>\r\n<\/div><\/div><\/div><div class=\"vce-raw-html\"><div class=\"vce-raw-html-wrapper\" id=\"el-f02e369a\" data-vce-do-apply=\"all el-f02e369a\"><div class=\"container\">\r\n\t<a href=\"https:\/\/proxll.no\/en\/tjenester\/industri-varmeanlegg\/\">\r\n\t<svg width=\"51\" height=\"53\" viewbox=\"0 0 51 53\" fill=\"none\" xmlns=\"http:\/\/www.w3.org\/2000\/svg\">\r\n<rect y=\"0.804688\" width=\"51\" height=\"52\" rx=\"4\" fill=\"#2E3A4F\"><\/rect>\r\n<g clip-path=\"url(#clip0_0_1)\">\r\n<path d=\"M9.48438 13.8047H9V39.8047H40V17.6583L39.2795 18.0413L29.3438 23.3748V17.6408L28.6172 18.0471L18.6875 23.5953V13.8047H9.48438ZM9.96875 26.8047V14.7333H17.7188V25.2145L18.4453 24.8083L28.375 19.26V24.9592L29.0955 24.5703L39.0312 19.2368V38.8761H9.96875V26.8047ZM14.8125 29.5904H14.3281V34.2333H19.1719V29.5904H14.8125ZM15.2969 33.3047V30.519H18.2031V33.3047H15.2969ZM22.0781 29.5904V34.2333H26.9219V29.5904H22.0781ZM23.0469 30.519H25.9531V33.3047H23.0469V30.519ZM30.3125 29.5904H29.8281V34.2333H34.6719V29.5904H30.3125ZM30.7969 33.3047V30.519H33.7031V33.3047H30.7969Z\" fill=\"#CFFF91\"><\/path>\r\n<\/g>\r\n<defs>\r\n<clippath id=\"clip0_0_1\">\r\n<rect width=\"31\" height=\"26\" fill=\"white\" transform=\"translate(9 13.8047)\"><\/rect>\r\n<\/clippath>\r\n<\/defs>\r\n<\/svg>\r\n\r\n\r\n\r\n    <h2 class=\"text\">Industry - Heating systems<\/h2>\r\n\t\t    <\/a>\r\n<\/div><\/div><\/div><div class=\"vce-raw-html\"><div class=\"vce-raw-html-wrapper\" id=\"el-e008a8ca\" data-vce-do-apply=\"all el-e008a8ca\"><div class=\"container\">\r\n\t<a href=\"https:\/\/proxll.no\/en\/tjenester\/bane-ledelys-tunnel\/\">\t\t\r\n\t\t\r\n\t\t\r\n\t\t<svg class=\"icon2\" width=\"52\" height=\"52\" viewbox=\"0 0 52 52\" fill=\"none\" xmlns=\"http:\/\/www.w3.org\/2000\/svg\">\r\n<rect x=\"0.724365\" y=\"0.804199\" width=\"51\" height=\"51\" rx=\"4\" fill=\"#2E3A4F\"><\/rect>\r\n<g clip-path=\"url(#clip0_125_42)\">\r\n<path d=\"M13.5994 25.0557C13.5994 17.8096 19.4783 11.9307 26.7244 11.9307C33.9705 11.9307 39.8494 17.8096 39.8494 25.0557V39.0557H40.7244V25.0557C40.7244 17.3229 34.4572 11.0557 26.7244 11.0557C18.9916 11.0557 12.7244 17.3229 12.7244 25.0557V39.0557H13.5994V25.0557ZM19.7244 18.9307H33.7244V34.6807H19.7244V18.9307ZM18.8494 18.0557V35.5557H22.1689L18.9806 38.7439L18.6689 39.0557H19.9048L23.4048 35.5557H30.0439L33.5439 39.0557H34.7798L34.4681 38.7439L31.2798 35.5557H34.5994V18.0557H18.8494ZM22.3494 32.0557C22.8328 32.0557 23.2244 31.6641 23.2244 31.1807C23.2244 30.6972 22.8328 30.3057 22.3494 30.3057C21.8659 30.3057 21.4744 30.6972 21.4744 31.1807C21.4744 31.6641 21.8659 32.0557 22.3494 32.0557ZM31.9744 31.1807C31.9744 30.6972 31.5828 30.3057 31.0994 30.3057C30.6159 30.3057 30.2244 30.6972 30.2244 31.1807C30.2244 31.6641 30.6159 32.0557 31.0994 32.0557C31.5828 32.0557 31.9744 31.6641 31.9744 31.1807ZM31.0994 22.4307V27.6807H22.3494V22.4307H31.0994ZM22.3494 21.5557H21.4744V28.5557H31.9744V21.5557H22.3494Z\" fill=\"#CFFF91\"><\/path>\r\n<\/g>\r\n<defs>\r\n<clippath id=\"clip0_125_42\">\r\n<rect width=\"28\" height=\"28\" fill=\"white\" transform=\"translate(12.7244 11.0557)\"><\/rect>\r\n<\/clippath>\r\n<\/defs>\r\n<\/svg>\r\n\r\n\t\t\r\n    <h2 class=\"text\">Railway - Tunnel guidance lights<\/h2>\r\n<\/a>\r\n<\/div><\/div><\/div><\/div><\/div><\/div><\/div><\/div><\/div><\/div><\/div><\/div><div class=\"vce-col vce-col--xs-100p vce-col--xs-visible vce-col--xs-last vce-col--xs-first vce-col--sm-100p vce-col--sm-visible vce-col--sm-last vce-col--sm-first vce-col--md-100p vce-col--md-visible vce-col--md-last vce-col--md-first vce-col--lg-auto vce-col--lg-visible vce-col--xl-15p vce-col--xl-visible\" id=\"el-ad99e706\"><div class=\"vce-col-inner\" data-vce-do-apply=\"border margin background  el-ad99e706\"><div class=\"vce-col-content\" data-vce-element-content=\"true\" data-vce-do-apply=\"padding el-ad99e706\"><div class=\"vcv-row-control-wrapper\"><\/div><\/div><\/div><\/div><div class=\"vce-col vce-col--xs-100p vce-col--xs-visible vce-col--xs-last vce-col--xs-first vce-col--sm-100p vce-col--sm-visible vce-col--sm-last vce-col--sm-first vce-col--md-100p vce-col--md-visible vce-col--md-last vce-col--md-first vce-col--lg-30p vce-col--lg-visible vce-col--lg-last vce-col--xl-35p vce-col--xl-visible vce-col--xl-last\" id=\"el-097a99f8\"><div class=\"vce-col-inner\" data-vce-do-apply=\"border margin background  el-097a99f8\"><div class=\"vce-col-content\" data-vce-element-content=\"true\" data-vce-do-apply=\"padding el-097a99f8\"><div class=\"vce-row-container\" data-vce-boxed-width=\"true\"><div class=\"vce-row vce-row--col-gap-30 vce-row-equal-height vce-row-content--top\" id=\"el-ab0d151e\" data-vce-do-apply=\"all el-ab0d151e\"><div class=\"vce-content-background-container\"><\/div><div class=\"vce-row-content\" data-vce-element-content=\"true\"><div class=\"vce-col vce-col--md-auto vce-col--xs-1 vce-col--xs-last vce-col--xs-first vce-col--sm-last vce-col--sm-first vce-col--md-last vce-col--lg-last vce-col--xl-last vce-col--md-first vce-col--lg-first vce-col--xl-first\" id=\"el-4a465243\"><div class=\"vce-col-inner\" data-vce-do-apply=\"border margin background  el-4a465243\"><div class=\"vce-col-content\" data-vce-element-content=\"true\" data-vce-do-apply=\"padding el-4a465243\"><div class=\"vce-single-image-container global-img-borderradius vce-single-image--align-left\"><div class=\"vce vce-single-image-wrapper\" id=\"el-2797d9f4\" data-vce-do-apply=\"all el-2797d9f4\"><figure><div class=\"vce-single-image-figure-inner\" style=\"width: 683px;\"><div class=\"vce-single-image-inner vce-single-image--absolute\" style=\"width: 100%; padding-bottom: 149.927%;\"><img decoding=\"async\" class=\"vce-single-image\"  width=\"683\" height=\"1024\" srcset=\"https:\/\/proxll.no\/wp-content\/uploads\/GettyImages-2149890430-683x1024.jpg 683w, https:\/\/proxll.no\/wp-content\/uploads\/GettyImages-2149890430-320x480.jpg 320w, https:\/\/proxll.no\/wp-content\/uploads\/GettyImages-2149890430-480x720.jpg 480w, https:\/\/proxll.no\/wp-content\/uploads\/GettyImages-2149890430-800x1199.jpg 800w, https:\/\/proxll.no\/wp-content\/uploads\/GettyImages-2149890430-1366x2048.jpg 2x\" src=\"https:\/\/proxll.no\/wp-content\/uploads\/GettyImages-2149890430-683x1024.jpg\" data-img-src=\"https:\/\/proxll.no\/wp-content\/uploads\/GettyImages-2149890430.jpg\" data-attachment-id=\"1620\"  alt=\"\" title=\"\" \/><\/div><\/div><figcaption hidden=\"\"><\/figcaption><\/figure><\/div><\/div><\/div><\/div><\/div><\/div><\/div><\/div><div class=\"vce-single-image-container global-img-borderradius vce-single-image--align-left\"><div class=\"vce vce-single-image-wrapper\" id=\"el-cb149846\" data-vce-do-apply=\"all el-cb149846\"><figure><div class=\"vce-single-image-figure-inner\" style=\"width: 2560px;\"><div class=\"vce-single-image-inner vce-single-image--absolute\" style=\"width: 100%; padding-bottom: 75%;\"><img decoding=\"async\" class=\"vce-single-image\" src=\"https:\/\/proxll.no\/wp-content\/uploads\/Krysningspunkt-Drammen_mars-2025-scaled.jpg\" data-img-src=\"https:\/\/proxll.no\/wp-content\/uploads\/Krysningspunkt-Drammen_mars-2025-scaled.jpg\" data-attachment-id=\"1667\" alt=\"\" title=\"Krysningspunkt Drammen_mars 2025\"><\/div><\/div><figcaption hidden=\"\"><\/figcaption><\/figure><\/div><\/div><\/div><\/div><\/div><\/div><\/div><\/div><div class=\"vce-row-container\" data-vce-boxed-width=\"true\"><div class=\"vce-row vce-row--has-col-background vce-row--col-gap-0 vce-row-wrap--reverse padded-section-big-bottom vce-row-equal-height vce-row-content--middle\" id=\"el-24c476e6\" data-vce-do-apply=\"all el-24c476e6\"><div class=\"vce-content-background-container\"><\/div><div class=\"vce-row-content\" data-vce-element-content=\"true\"><div class=\"vce-col vce-col--xs-100p vce-col--xs-visible vce-col--xs-last vce-col--xs-first vce-col--sm-100p vce-col--sm-visible vce-col--sm-last vce-col--sm-first vce-col--md-auto vce-col--md-visible vce-col--md-last vce-col--md-first vce-col--lg-auto vce-col--lg-visible vce-col--lg-last vce-col--lg-first vce-col--xl-auto vce-col--xl-visible vce-col--xl-last vce-col--xl-first\" id=\"el-f3e10504\"><div class=\"vce-col-inner\" data-vce-do-apply=\"border margin background  el-f3e10504\"><div class=\"vce-col-content\" data-vce-element-content=\"true\" data-vce-do-apply=\"padding el-f3e10504\"><div class=\"vce-row-container\" data-vce-boxed-width=\"true\"><div class=\"vce-row vce-element--xl--has-background vce-element--lg--has-background vce-element--md--has-background vce-element--sm--has-background vce-element--xs--has-background vce-row--col-gap-0 global-img-borderradius vce-row-equal-height vce-row-content--middle\" id=\"el-0c33603f\" data-vce-do-apply=\"all el-0c33603f\"><div class=\"vce-content-background-container\"><\/div><div class=\"vce-row-content\" data-vce-element-content=\"true\"><div class=\"vce-col vce-col--xs-100p vce-col--xs-visible vce-col--xs-last vce-col--xs-first vce-col--sm-100p vce-col--sm-visible vce-col--sm-last vce-col--sm-first vce-col--md-100p vce-col--md-visible vce-col--md-last vce-col--md-first vce-col--lg-50p vce-col--lg-visible vce-col--lg-first vce-col--xl-50p vce-col--xl-visible vce-col--xl-first\" id=\"el-0ef328f3\"><div class=\"vce-col-inner\" data-vce-do-apply=\"border margin background  el-0ef328f3\"><div class=\"vce-col-content\" data-vce-element-content=\"true\" data-vce-do-apply=\"padding el-0ef328f3\"><div class=\"vce-text-block font-color-white\"><div class=\"vce-text-block-wrapper vce\" id=\"el-95a64ad5\" data-vce-do-apply=\"all el-95a64ad5\"><h2>About us<\/h2>\r\n<p>Proxll has been delivering technical solutions for transportation and industry for over 100 years. We specialize in switch point heating, railway safety, heating solutions for industry and hydropower, as well as guidance lighting in tunnels. We assist you with equipment, engineering, installation, automation, and consulting services.<\/p>\r\n<\/div><\/div><\/div><\/div><\/div><div class=\"vce-col vce-col--xs-100p vce-col--xs-visible vce-col--xs-last vce-col--xs-first vce-col--sm-100p vce-col--sm-visible vce-col--sm-last vce-col--sm-first vce-col--md-100p vce-col--md-visible vce-col--md-last vce-col--md-first vce-col--lg-auto vce-col--lg-visible vce-col--xl-20p vce-col--xl-visible\" id=\"el-4b3b6483\"><div class=\"vce-col-inner\" data-vce-do-apply=\"border margin background  el-4b3b6483\"><div class=\"vce-col-content\" data-vce-element-content=\"true\" data-vce-do-apply=\"padding el-4b3b6483\"><div class=\"vcv-row-control-wrapper\"><\/div><\/div><\/div><\/div><div class=\"vce-col vce-col--xs-100p vce-col--xs-visible vce-col--xs-last vce-col--xs-first vce-col--sm-100p vce-col--sm-visible vce-col--sm-last vce-col--sm-first vce-col--md-100p vce-col--md-visible vce-col--md-last vce-col--md-first vce-col--lg-40p vce-col--lg-visible vce-col--lg-last vce-col--xl-30p vce-col--xl-visible vce-col--xl-last\" id=\"el-f8056495\"><div class=\"vce-col-inner\" data-vce-do-apply=\"border margin background  el-f8056495\"><div class=\"vce-col-content\" data-vce-element-content=\"true\" data-vce-do-apply=\"padding el-f8056495\"><div class=\"vce-text-block u-btn adj-hvit\"><div class=\"vce-text-block-wrapper vce\" id=\"el-ebc14a9a\" data-vce-do-apply=\"all el-ebc14a9a\"><p style=\"text-align: right;\"><a href=\"https:\/\/proxll.no\/en\/om-oss\/\">Get to know us<\/a><\/p><\/div><\/div><\/div><\/div><\/div><\/div><\/div><\/div><\/div><\/div><\/div><\/div><\/div><\/div>","protected":false},"excerpt":{"rendered":"<p>Tjenester Proxll er en teknisk systemleverand\u00f8r innen industri og samferdsel. Vi har som m\u00e5l \u00e5 v\u00e6re det ledende kompetansemilj\u00f8et innenfor v\u00e5re forretningsomr\u00e5der. Bane \u2013 Sporvekselvarme Bane \u2013 Sikkerhetstjenester Industri \u2013 Varmeanlegg Bane \u2013 Ledelys tunnel Om oss Proxll har levert tekniske l\u00f8sninger for samferdsel og industri i over 100 \u00e5r. Vi spesialiserer oss p\u00e5 sporvekselvarme, [&hellip;]<\/p>","protected":false},"author":1,"featured_media":0,"parent":0,"menu_order":0,"comment_status":"closed","ping_status":"closed","template":"","meta":{"footnotes":""},"class_list":["post-1549","page","type-page","status-publish","hentry"],"_links":{"self":[{"href":"https:\/\/proxll.no\/en\/wp-json\/wp\/v2\/pages\/1549","targetHints":{"allow":["GET"]}}],"collection":[{"href":"https:\/\/proxll.no\/en\/wp-json\/wp\/v2\/pages"}],"about":[{"href":"https:\/\/proxll.no\/en\/wp-json\/wp\/v2\/types\/page"}],"author":[{"embeddable":true,"href":"https:\/\/proxll.no\/en\/wp-json\/wp\/v2\/users\/1"}],"replies":[{"embeddable":true,"href":"https:\/\/proxll.no\/en\/wp-json\/wp\/v2\/comments?post=1549"}],"version-history":[{"count":0,"href":"https:\/\/proxll.no\/en\/wp-json\/wp\/v2\/pages\/1549\/revisions"}],"wp:attachment":[{"href":"https:\/\/proxll.no\/en\/wp-json\/wp\/v2\/media?parent=1549"}],"curies":[{"name":"wp","href":"https:\/\/api.w.org\/{rel}","templated":true}]}}